{"id":550,"date":"2021-01-07T12:03:03","date_gmt":"2021-01-07T12:03:03","guid":{"rendered":"https:\/\/mktandweb.com\/?page_id=550"},"modified":"2025-08-16T08:19:37","modified_gmt":"2025-08-16T08:19:37","slug":"contacto","status":"publish","type":"page","link":"https:\/\/mktandweb.com\/en\/contacto\/","title":{"rendered":"CONTACTO"},"content":{"rendered":"<p>[et_pb_section fb_built=&#8221;1&#8243; admin_label=&#8221;Page Title Section&#8221; _builder_version=&#8221;4.27.4&#8243; background_color=&#8221;#000000&#8243; background_color_gradient_direction=&#8221;115deg&#8221; background_enable_image=&#8221;off&#8221; custom_padding=&#8221;123px||0px|||&#8221; bottom_divider_color=&#8221;#000000&#8243; da_disable_devices=&#8221;off|off|off&#8221; global_colors_info=&#8221;{}&#8221; da_is_popup=&#8221;off&#8221; da_exit_intent=&#8221;off&#8221; da_has_close=&#8221;on&#8221; da_alt_close=&#8221;off&#8221; da_dark_close=&#8221;off&#8221; da_not_modal=&#8221;on&#8221; da_is_singular=&#8221;off&#8221; da_with_loader=&#8221;off&#8221; da_has_shadow=&#8221;on&#8221;][et_pb_row _builder_version=&#8221;4.27.4&#8243; background_color=&#8221;#004a73&#8243; background_size=&#8221;initial&#8221; background_position=&#8221;top_left&#8221; background_repeat=&#8221;repeat&#8221; max_width=&#8221;960px&#8221; custom_margin=&#8221;7px|auto||0px|false|false&#8221; custom_padding=&#8221;15px|40px|15px|10%|true|false&#8221; animation_style=&#8221;slide&#8221; animation_direction=&#8221;left&#8221; animation_intensity_slide=&#8221;2%&#8221; border_radii=&#8221;||6px|6px|&#8221; border_color_all=&#8221;#004a73&#8243; border_width_right=&#8221;30px&#8221; border_color_right=&#8221;#ff9200&#8243; use_custom_width=&#8221;on&#8221; custom_width_px=&#8221;960px&#8221; locked=&#8221;off&#8221; global_colors_info=&#8221;{}&#8221;][et_pb_column type=&#8221;4_4&#8243; _builder_version=&#8221;4.27.4&#8243; custom_padding=&#8221;|||&#8221; custom_padding_tablet=&#8221;|||10%&#8221; custom_padding_last_edited=&#8221;off|desktop&#8221; global_colors_info=&#8221;{}&#8221; padding_tablet=&#8221;|||10%&#8221; padding_last_edited=&#8221;off|desktop&#8221; custom_padding__hover=&#8221;|||&#8221;][et_pb_text admin_label=&#8221;Title&#8221; _builder_version=&#8221;4.16&#8243; text_font=&#8221;||||||||&#8221; header_font=&#8221;Abhaya Libre|700|||||||&#8221; header_font_size=&#8221;58px&#8221; header_line_height=&#8221;1.2em&#8221; header_4_font=&#8221;||||||||&#8221; background_layout=&#8221;dark&#8221; custom_margin=&#8221;||-10px|||&#8221; custom_padding=&#8221;|||&#8221; header_font_size_tablet=&#8221;40px&#8221; header_font_size_phone=&#8221;29px&#8221; header_font_size_last_edited=&#8221;on|tablet&#8221; global_colors_info=&#8221;{}&#8221;]<\/p>\n<h1>\u00bfC\u00f3mo podemos ayudarte?<\/h1>\n<p>[\/et_pb_text][\/et_pb_column][\/et_pb_row][\/et_pb_section][et_pb_section fb_built=&#8221;1&#8243; admin_label=&#8221;Get In Touch Section&#8221; _builder_version=&#8221;4.27.4&#8243; background_color=&#8221;#000000&#8243; custom_padding=&#8221;58px||41px|||&#8221; da_disable_devices=&#8221;off|off|off&#8221; global_colors_info=&#8221;{}&#8221; da_is_popup=&#8221;off&#8221; da_exit_intent=&#8221;off&#8221; da_has_close=&#8221;on&#8221; da_alt_close=&#8221;off&#8221; da_dark_close=&#8221;off&#8221; da_not_modal=&#8221;on&#8221; da_is_singular=&#8221;off&#8221; da_with_loader=&#8221;off&#8221; da_has_shadow=&#8221;on&#8221;][et_pb_row column_structure=&#8221;1_4,3_4&#8243; _builder_version=&#8221;4.16&#8243; custom_padding=&#8221;|||&#8221; global_colors_info=&#8221;{}&#8221;][et_pb_column type=&#8221;1_4&#8243; _builder_version=&#8221;4.16&#8243; custom_padding=&#8221;|||&#8221; global_colors_info=&#8221;{}&#8221; custom_padding__hover=&#8221;|||&#8221;][et_pb_text _builder_version=&#8221;4.27.4&#8243; text_font=&#8221;Nunito||||||||&#8221; text_font_size=&#8221;16px&#8221; text_line_height=&#8221;1.8em&#8221; link_font=&#8221;||||||||&#8221; link_text_color=&#8221;#c7755a&#8221; header_font=&#8221;||||||||&#8221; header_3_font=&#8221;Abhaya Libre|700|||||||&#8221; header_3_font_size=&#8221;24px&#8221; header_3_line_height=&#8221;1.4em&#8221; header_4_font=&#8221;||||||||&#8221; custom_margin=&#8221;||15px|&#8221; custom_padding=&#8221;10px|||&#8221; animation_style=&#8221;fold&#8221; animation_direction=&#8221;bottom&#8221; animation_intensity_fold=&#8221;10%&#8221; animation_starting_opacity=&#8221;100%&#8221; locked=&#8221;off&#8221; global_colors_info=&#8221;{}&#8221;]<\/p>\n<h4><span style=\"color: #ffffff;\"><strong>Llamanos<\/strong><\/span><br \/><a href=\"tel:5639254602\" title=\"Llamar\">+52 (33) 56 3925 4602<\/a><\/h4>\n<p>[\/et_pb_text][et_pb_image src=&#8221;https:\/\/mktandweb.com\/wp-content\/uploads\/2021\/01\/whats.png&#8221; title_text=&#8221;whats&#8221; url=&#8221;https:\/\/api.whatsapp.com\/send?phone=525639254602&#038;text=Que%20tal%20&#8243; _builder_version=&#8221;4.27.4&#8243; _module_preset=&#8221;default&#8221; width=&#8221;21%&#8221; width_tablet=&#8221;8%&#8221; width_phone=&#8221;12%&#8221; width_last_edited=&#8221;on|phone&#8221; hover_enabled=&#8221;0&#8243; global_colors_info=&#8221;{}&#8221; sticky_enabled=&#8221;0&#8243;][\/et_pb_image][et_pb_text _builder_version=&#8221;4.16&#8243; text_font=&#8221;Nunito||||||||&#8221; text_font_size=&#8221;16px&#8221; text_line_height=&#8221;1.8em&#8221; link_font=&#8221;||||||||&#8221; link_text_color=&#8221;#c7755a&#8221; header_font=&#8221;||||||||&#8221; header_3_font=&#8221;Abhaya Libre|700|||||||&#8221; header_3_font_size=&#8221;24px&#8221; header_3_line_height=&#8221;1.4em&#8221; header_4_font=&#8221;||||||||&#8221; custom_margin=&#8221;||15px|&#8221; custom_padding=&#8221;10px|||&#8221; animation_style=&#8221;fold&#8221; animation_direction=&#8221;bottom&#8221; animation_intensity_fold=&#8221;10%&#8221; animation_starting_opacity=&#8221;100%&#8221; locked=&#8221;off&#8221; global_colors_info=&#8221;{}&#8221;]<\/p>\n<h4><strong><span style=\"color: #ffffff;\">Correo<\/span>\u00a0<\/strong><br \/>\n<a href=\"mailto:contacto@mktandweb.com\">contacto@mktandweb.com<\/a><\/h4>\n<p>[\/et_pb_text][\/et_pb_column][et_pb_column type=&#8221;3_4&#8243; _builder_version=&#8221;4.16&#8243; custom_padding=&#8221;|||&#8221; global_colors_info=&#8221;{}&#8221; custom_padding__hover=&#8221;|||&#8221;][et_pb_text _builder_version=&#8221;4.16&#8243; _module_preset=&#8221;default&#8221; text_font=&#8221;|600|||||||&#8221; text_text_color=&#8221;#ffffff&#8221; text_font_size=&#8221;18px&#8221; global_colors_info=&#8221;{}&#8221;]Escribenos[\/et_pb_text][et_pb_contact_form email=&#8221;contacto@mktandweb.com&#8221; success_message=&#8221;GRACIAS POR CONTACTARNOS. Tu mensaje ha sido enviado. Nos pondremos en contacto para darle seguimiento a tus dudas.&#8221; submit_button_text=&#8221;ENVIAR&#8221; module_id=&#8221;et_pb_contact_form_0&#8243; _builder_version=&#8221;4.16&#8243; _unique_id=&#8221;48104bd3-836f-4914-ac22-1427150764e1&#8243; form_field_font=&#8221;Nunito||||||||&#8221; form_field_font_size=&#8221;16px&#8221; custom_button=&#8221;on&#8221; button_text_size=&#8221;14px&#8221; button_text_color=&#8221;#ffffff&#8221; button_bg_color=&#8221;#94a6bf&#8221; button_border_width=&#8221;8px&#8221; button_border_color=&#8221;#94a6bf&#8221; button_letter_spacing=&#8221;2px&#8221; button_font=&#8221;Nunito|700||on|||||&#8221; border_radii=&#8221;on|3px|3px|3px|3px&#8221; box_shadow_style_button=&#8221;preset1&#8243; box_shadow_vertical_button=&#8221;25px&#8221; box_shadow_blur_button=&#8221;45px&#8221; box_shadow_color_button=&#8221;rgba(148,166,191,0.25)&#8221; global_colors_info=&#8221;{}&#8221;][et_pb_contact_field field_id=&#8221;Name&#8221; field_title=&#8221;Nombre&#8221; allowed_symbols=&#8221;letters&#8221; fullwidth_field=&#8221;on&#8221; _builder_version=&#8221;4.16&#8243; global_colors_info=&#8221;{}&#8221; button_text_size__hover_enabled=&#8221;off&#8221; button_one_text_size__hover_enabled=&#8221;off&#8221; button_two_text_size__hover_enabled=&#8221;off&#8221; button_text_color__hover_enabled=&#8221;off&#8221; button_one_text_color__hover_enabled=&#8221;off&#8221; button_two_text_color__hover_enabled=&#8221;off&#8221; button_border_width__hover_enabled=&#8221;off&#8221; button_one_border_width__hover_enabled=&#8221;off&#8221; button_two_border_width__hover_enabled=&#8221;off&#8221; button_border_color__hover_enabled=&#8221;off&#8221; button_one_border_color__hover_enabled=&#8221;off&#8221; button_two_border_color__hover_enabled=&#8221;off&#8221; button_border_radius__hover_enabled=&#8221;off&#8221; button_one_border_radius__hover_enabled=&#8221;off&#8221; button_two_border_radius__hover_enabled=&#8221;off&#8221; button_letter_spacing__hover_enabled=&#8221;off&#8221; button_one_letter_spacing__hover_enabled=&#8221;off&#8221; button_two_letter_spacing__hover_enabled=&#8221;off&#8221; button_bg_color__hover_enabled=&#8221;off&#8221; button_one_bg_color__hover_enabled=&#8221;off&#8221; button_two_bg_color__hover_enabled=&#8221;off&#8221;][\/et_pb_contact_field][et_pb_contact_field field_id=&#8221;telephone&#8221; field_title=&#8221;Tel\u00e9fono&#8221; allowed_symbols=&#8221;numbers&#8221; _builder_version=&#8221;4.16&#8243; _module_preset=&#8221;default&#8221; global_colors_info=&#8221;{}&#8221;][\/et_pb_contact_field][et_pb_contact_field field_id=&#8221;Email&#8221; field_title=&#8221;email&#8221; field_type=&#8221;email&#8221; _builder_version=&#8221;4.16&#8243; global_colors_info=&#8221;{}&#8221; button_text_size__hover_enabled=&#8221;off&#8221; button_one_text_size__hover_enabled=&#8221;off&#8221; button_two_text_size__hover_enabled=&#8221;off&#8221; button_text_color__hover_enabled=&#8221;off&#8221; button_one_text_color__hover_enabled=&#8221;off&#8221; button_two_text_color__hover_enabled=&#8221;off&#8221; button_border_width__hover_enabled=&#8221;off&#8221; button_one_border_width__hover_enabled=&#8221;off&#8221; button_two_border_width__hover_enabled=&#8221;off&#8221; button_border_color__hover_enabled=&#8221;off&#8221; button_one_border_color__hover_enabled=&#8221;off&#8221; button_two_border_color__hover_enabled=&#8221;off&#8221; button_border_radius__hover_enabled=&#8221;off&#8221; button_one_border_radius__hover_enabled=&#8221;off&#8221; button_two_border_radius__hover_enabled=&#8221;off&#8221; button_letter_spacing__hover_enabled=&#8221;off&#8221; button_one_letter_spacing__hover_enabled=&#8221;off&#8221; button_two_letter_spacing__hover_enabled=&#8221;off&#8221; button_bg_color__hover_enabled=&#8221;off&#8221; button_one_bg_color__hover_enabled=&#8221;off&#8221; button_two_bg_color__hover_enabled=&#8221;off&#8221;][\/et_pb_contact_field][et_pb_contact_field field_id=&#8221;Message&#8221; field_title=&#8221;Mensaje&#8221; field_type=&#8221;text&#8221; fullwidth_field=&#8221;on&#8221; _builder_version=&#8221;4.16&#8243; global_colors_info=&#8221;{}&#8221; button_text_size__hover_enabled=&#8221;off&#8221; button_one_text_size__hover_enabled=&#8221;off&#8221; button_two_text_size__hover_enabled=&#8221;off&#8221; button_text_color__hover_enabled=&#8221;off&#8221; button_one_text_color__hover_enabled=&#8221;off&#8221; button_two_text_color__hover_enabled=&#8221;off&#8221; button_border_width__hover_enabled=&#8221;off&#8221; button_one_border_width__hover_enabled=&#8221;off&#8221; button_two_border_width__hover_enabled=&#8221;off&#8221; button_border_color__hover_enabled=&#8221;off&#8221; button_one_border_color__hover_enabled=&#8221;off&#8221; button_two_border_color__hover_enabled=&#8221;off&#8221; button_border_radius__hover_enabled=&#8221;off&#8221; button_one_border_radius__hover_enabled=&#8221;off&#8221; button_two_border_radius__hover_enabled=&#8221;off&#8221; button_letter_spacing__hover_enabled=&#8221;off&#8221; button_one_letter_spacing__hover_enabled=&#8221;off&#8221; button_two_letter_spacing__hover_enabled=&#8221;off&#8221; button_bg_color__hover_enabled=&#8221;off&#8221; button_one_bg_color__hover_enabled=&#8221;off&#8221; button_two_bg_color__hover_enabled=&#8221;off&#8221;][\/et_pb_contact_field][\/et_pb_contact_form][\/et_pb_column][\/et_pb_row][\/et_pb_section][et_pb_section fb_built=&#8221;1&#8243; custom_padding_last_edited=&#8221;on|tablet&#8221; _builder_version=&#8221;4.27.4&#8243; use_background_color_gradient=&#8221;on&#8221; background_color_gradient_stops=&#8221;#000000 4%|rgba(0,0,0,0.46) 65%&#8221; background_color_gradient_overlays_image=&#8221;on&#8221; background_color_gradient_start=&#8221;rgba(255,255,255,0.5)&#8221; background_color_gradient_end=&#8221;rgba(255,255,255,0.5)&#8221; background_image=&#8221;https:\/\/mktandweb.com\/wp-content\/uploads\/2023\/04\/speed-164063.jpg&#8221; custom_padding=&#8221;116px||69px||false|false&#8221; custom_padding_tablet=&#8221;116px||28px||false|false&#8221; custom_padding_phone=&#8221;116px||28px||false|false&#8221; filter_saturate=&#8221;118%&#8221; filter_brightness=&#8221;91%&#8221; filter_contrast=&#8221;114%&#8221; top_divider_color=&#8221;#000000&#8243; top_divider_height=&#8221;72px&#8221; bottom_divider_color=&#8221;#ffffff&#8221; bottom_divider_height=&#8221;62px&#8221; bottom_divider_repeat=&#8221;0x&#8221; bottom_divider_height_tablet=&#8221;127px&#8221; bottom_divider_height_phone=&#8221;74px&#8221; bottom_divider_height_last_edited=&#8221;on|tablet&#8221; da_disable_devices=&#8221;off|off|off&#8221; locked=&#8221;off&#8221; collapsed=&#8221;off&#8221; global_colors_info=&#8221;{}&#8221; da_is_popup=&#8221;off&#8221; da_exit_intent=&#8221;off&#8221; da_has_close=&#8221;on&#8221; da_alt_close=&#8221;off&#8221; da_dark_close=&#8221;off&#8221; da_not_modal=&#8221;on&#8221; da_is_singular=&#8221;off&#8221; da_with_loader=&#8221;off&#8221; da_has_shadow=&#8221;on&#8221;][et_pb_row _builder_version=&#8221;4.16&#8243; width_tablet=&#8221;&#8221; width_phone=&#8221;90%&#8221; width_last_edited=&#8221;on|phone&#8221; custom_margin=&#8221;13px|auto||auto|false|false&#8221; custom_margin_tablet=&#8221;69px||4px||false|false&#8221; custom_margin_phone=&#8221;34px||||false|false&#8221; custom_margin_last_edited=&#8221;on|tablet&#8221; custom_padding=&#8221;0px||31px|||&#8221; global_colors_info=&#8221;{}&#8221;][et_pb_column type=&#8221;4_4&#8243; _builder_version=&#8221;4.16&#8243; global_colors_info=&#8221;{}&#8221;][et_pb_text _builder_version=&#8221;4.27.4&#8243; _module_preset=&#8221;default&#8221; header_font=&#8221;Commissioner|||||on|||&#8221; header_text_color=&#8221;#ffa500&#8243; header_font_size=&#8221;47px&#8221; header_letter_spacing=&#8221;1px&#8221; header_line_height=&#8221;1.3em&#8221; header_font_size_tablet=&#8221;&#8221; header_font_size_phone=&#8221;34px&#8221; header_font_size_last_edited=&#8221;on|phone&#8221; header_text_shadow_style=&#8221;preset1&#8243; header_text_shadow_horizontal_length=&#8221;0.02em&#8221; header_text_shadow_vertical_length=&#8221;0.02em&#8221; header_text_shadow_blur_strength=&#8221;0em&#8221; header_text_shadow_color=&#8221;#FFFFFF&#8221; global_colors_info=&#8221;{}&#8221;]<\/p>\n<h1 style=\"text-align: center;\">CON NUESTROS SERVICIOS TU NEGOCIO<strong> \u00a1<em>ACELERAR\u00c1 AL M<span>\u00c1<\/span>XIMO!<\/em><\/strong><\/h1>\n<p>[\/et_pb_text][\/et_pb_column][\/et_pb_row][\/et_pb_section]<\/p>\n","protected":false},"excerpt":{"rendered":"<p>\u00bfC\u00f3mo podemos ayudarte?Llamanos+52 (33) 56 3925 4602Correo\u00a0 contacto@mktandweb.comEscribenosCON NUESTROS SERVICIOS TU NEGOCIO \u00a1ACELERAR\u00c1 AL M\u00c1XIMO!<\/p>","protected":false},"author":2,"featured_media":0,"parent":0,"menu_order":0,"comment_status":"closed","ping_status":"closed","template":"","meta":{"_et_pb_use_builder":"on","_et_pb_old_content":"","_et_gb_content_width":"","footnotes":""},"class_list":["post-550","page","type-page","status-publish","hentry"],"yoast_head":"<!-- This site is optimized with the Yoast SEO plugin v27.3 - https:\/\/yoast.com\/product\/yoast-seo-wordpress\/ -->\n<title>CONTACTO - M&amp;W<\/title>\n<meta name=\"description\" content=\"Cont\u00e1ctanos y conocer m\u00e1s sobre nuestros servicios de Realidad Aumentada, dise\u00f1o web, marketing digital y m\u00e1s. Estamos listos para llevarte al siguiente nivel\" \/>\n<meta name=\"robots\" content=\"index, follow, max-snippet:-1, max-image-preview:large, max-video-preview:-1\" \/>\n<link rel=\"canonical\" href=\"https:\/\/mktandweb.com\/en\/contacto\/\" \/>\n<meta property=\"og:locale\" content=\"en_US\" \/>\n<meta property=\"og:type\" content=\"article\" \/>\n<meta property=\"og:title\" content=\"CONTACTO - M&amp;W\" \/>\n<meta property=\"og:description\" content=\"Cont\u00e1ctanos y conocer m\u00e1s sobre nuestros servicios de Realidad Aumentada, dise\u00f1o web, marketing digital y m\u00e1s. Estamos listos para llevarte al siguiente nivel\" \/>\n<meta property=\"og:url\" content=\"https:\/\/mktandweb.com\/en\/contacto\/\" \/>\n<meta property=\"og:site_name\" content=\"M&amp;W\" \/>\n<meta property=\"article:modified_time\" content=\"2025-08-16T08:19:37+00:00\" \/>\n<meta name=\"twitter:card\" content=\"summary_large_image\" \/>\n<meta name=\"twitter:label1\" content=\"Est. reading time\" \/>\n\t<meta name=\"twitter:data1\" content=\"2 minutes\" \/>\n<script type=\"application\/ld+json\" class=\"yoast-schema-graph\">{\"@context\":\"https:\\\/\\\/schema.org\",\"@graph\":[{\"@type\":\"WebPage\",\"@id\":\"https:\\\/\\\/mktandweb.com\\\/contacto\\\/\",\"url\":\"https:\\\/\\\/mktandweb.com\\\/contacto\\\/\",\"name\":\"CONTACTO - M&amp;W\",\"isPartOf\":{\"@id\":\"https:\\\/\\\/mktandweb.com\\\/#website\"},\"datePublished\":\"2021-01-07T12:03:03+00:00\",\"dateModified\":\"2025-08-16T08:19:37+00:00\",\"description\":\"Cont\u00e1ctanos y conocer m\u00e1s sobre nuestros servicios de Realidad Aumentada, dise\u00f1o web, marketing digital y m\u00e1s. Estamos listos para llevarte al siguiente nivel\",\"breadcrumb\":{\"@id\":\"https:\\\/\\\/mktandweb.com\\\/contacto\\\/#breadcrumb\"},\"inLanguage\":\"en-US\",\"potentialAction\":[{\"@type\":\"ReadAction\",\"target\":[\"https:\\\/\\\/mktandweb.com\\\/contacto\\\/\"]}]},{\"@type\":\"BreadcrumbList\",\"@id\":\"https:\\\/\\\/mktandweb.com\\\/contacto\\\/#breadcrumb\",\"itemListElement\":[{\"@type\":\"ListItem\",\"position\":1,\"name\":\"Portada\",\"item\":\"https:\\\/\\\/mktandweb.com\\\/\"},{\"@type\":\"ListItem\",\"position\":2,\"name\":\"CONTACTO\"}]},{\"@type\":\"WebSite\",\"@id\":\"https:\\\/\\\/mktandweb.com\\\/#website\",\"url\":\"https:\\\/\\\/mktandweb.com\\\/\",\"name\":\"MKTandWeb\",\"description\":\"MKTandWEB\",\"publisher\":{\"@id\":\"https:\\\/\\\/mktandweb.com\\\/#organization\"},\"potentialAction\":[{\"@type\":\"SearchAction\",\"target\":{\"@type\":\"EntryPoint\",\"urlTemplate\":\"https:\\\/\\\/mktandweb.com\\\/?s={search_term_string}\"},\"query-input\":{\"@type\":\"PropertyValueSpecification\",\"valueRequired\":true,\"valueName\":\"search_term_string\"}}],\"inLanguage\":\"en-US\"},{\"@type\":\"Organization\",\"@id\":\"https:\\\/\\\/mktandweb.com\\\/#organization\",\"name\":\"MKTandWeb\",\"alternateName\":\"M&W\",\"url\":\"https:\\\/\\\/mktandweb.com\\\/\",\"logo\":{\"@type\":\"ImageObject\",\"inLanguage\":\"en-US\",\"@id\":\"https:\\\/\\\/mktandweb.com\\\/#\\\/schema\\\/logo\\\/image\\\/\",\"url\":\"https:\\\/\\\/mktandweb.com\\\/wp-content\\\/uploads\\\/2023\\\/03\\\/cropped-LOGO-MKTandWEB.png\",\"contentUrl\":\"https:\\\/\\\/mktandweb.com\\\/wp-content\\\/uploads\\\/2023\\\/03\\\/cropped-LOGO-MKTandWEB.png\",\"width\":512,\"height\":512,\"caption\":\"MKTandWeb\"},\"image\":{\"@id\":\"https:\\\/\\\/mktandweb.com\\\/#\\\/schema\\\/logo\\\/image\\\/\"}}]}<\/script>\n<!-- \/ Yoast SEO plugin. -->","yoast_head_json":{"title":"CONTACTO - M&amp;W","description":"Cont\u00e1ctanos y conocer m\u00e1s sobre nuestros servicios de Realidad Aumentada, dise\u00f1o web, marketing digital y m\u00e1s. Estamos listos para llevarte al siguiente nivel","robots":{"index":"index","follow":"follow","max-snippet":"max-snippet:-1","max-image-preview":"max-image-preview:large","max-video-preview":"max-video-preview:-1"},"canonical":"https:\/\/mktandweb.com\/en\/contacto\/","og_locale":"en_US","og_type":"article","og_title":"CONTACTO - M&amp;W","og_description":"Cont\u00e1ctanos y conocer m\u00e1s sobre nuestros servicios de Realidad Aumentada, dise\u00f1o web, marketing digital y m\u00e1s. Estamos listos para llevarte al siguiente nivel","og_url":"https:\/\/mktandweb.com\/en\/contacto\/","og_site_name":"M&amp;W","article_modified_time":"2025-08-16T08:19:37+00:00","twitter_card":"summary_large_image","twitter_misc":{"Est. reading time":"2 minutes"},"schema":{"@context":"https:\/\/schema.org","@graph":[{"@type":"WebPage","@id":"https:\/\/mktandweb.com\/contacto\/","url":"https:\/\/mktandweb.com\/contacto\/","name":"CONTACTO - M&amp;W","isPartOf":{"@id":"https:\/\/mktandweb.com\/#website"},"datePublished":"2021-01-07T12:03:03+00:00","dateModified":"2025-08-16T08:19:37+00:00","description":"Cont\u00e1ctanos y conocer m\u00e1s sobre nuestros servicios de Realidad Aumentada, dise\u00f1o web, marketing digital y m\u00e1s. Estamos listos para llevarte al siguiente nivel","breadcrumb":{"@id":"https:\/\/mktandweb.com\/contacto\/#breadcrumb"},"inLanguage":"en-US","potentialAction":[{"@type":"ReadAction","target":["https:\/\/mktandweb.com\/contacto\/"]}]},{"@type":"BreadcrumbList","@id":"https:\/\/mktandweb.com\/contacto\/#breadcrumb","itemListElement":[{"@type":"ListItem","position":1,"name":"Portada","item":"https:\/\/mktandweb.com\/"},{"@type":"ListItem","position":2,"name":"CONTACTO"}]},{"@type":"WebSite","@id":"https:\/\/mktandweb.com\/#website","url":"https:\/\/mktandweb.com\/","name":"MKTandWeb","description":"MKTandWEB","publisher":{"@id":"https:\/\/mktandweb.com\/#organization"},"potentialAction":[{"@type":"SearchAction","target":{"@type":"EntryPoint","urlTemplate":"https:\/\/mktandweb.com\/?s={search_term_string}"},"query-input":{"@type":"PropertyValueSpecification","valueRequired":true,"valueName":"search_term_string"}}],"inLanguage":"en-US"},{"@type":"Organization","@id":"https:\/\/mktandweb.com\/#organization","name":"MKTandWeb","alternateName":"M&W","url":"https:\/\/mktandweb.com\/","logo":{"@type":"ImageObject","inLanguage":"en-US","@id":"https:\/\/mktandweb.com\/#\/schema\/logo\/image\/","url":"https:\/\/mktandweb.com\/wp-content\/uploads\/2023\/03\/cropped-LOGO-MKTandWEB.png","contentUrl":"https:\/\/mktandweb.com\/wp-content\/uploads\/2023\/03\/cropped-LOGO-MKTandWEB.png","width":512,"height":512,"caption":"MKTandWeb"},"image":{"@id":"https:\/\/mktandweb.com\/#\/schema\/logo\/image\/"}}]}},"_links":{"self":[{"href":"https:\/\/mktandweb.com\/en\/wp-json\/wp\/v2\/pages\/550","targetHints":{"allow":["GET"]}}],"collection":[{"href":"https:\/\/mktandweb.com\/en\/wp-json\/wp\/v2\/pages"}],"about":[{"href":"https:\/\/mktandweb.com\/en\/wp-json\/wp\/v2\/types\/page"}],"author":[{"embeddable":true,"href":"https:\/\/mktandweb.com\/en\/wp-json\/wp\/v2\/users\/2"}],"replies":[{"embeddable":true,"href":"https:\/\/mktandweb.com\/en\/wp-json\/wp\/v2\/comments?post=550"}],"version-history":[{"count":14,"href":"https:\/\/mktandweb.com\/en\/wp-json\/wp\/v2\/pages\/550\/revisions"}],"predecessor-version":[{"id":1611,"href":"https:\/\/mktandweb.com\/en\/wp-json\/wp\/v2\/pages\/550\/revisions\/1611"}],"wp:attachment":[{"href":"https:\/\/mktandweb.com\/en\/wp-json\/wp\/v2\/media?parent=550"}],"curies":[{"name":"wp","href":"https:\/\/api.w.org\/{rel}","templated":true}]}}