{"id":974,"date":"2023-04-10T06:05:14","date_gmt":"2023-04-10T06:05:14","guid":{"rendered":"https:\/\/mktandweb.com\/?page_id=974"},"modified":"2023-08-29T03:51:44","modified_gmt":"2023-08-29T03:51:44","slug":"ra-botella","status":"publish","type":"page","link":"https:\/\/mktandweb.com\/en\/ra-botella\/","title":{"rendered":"RA-botella"},"content":{"rendered":"<p>[et_pb_section fb_built=&#8221;1&#8243; admin_label=&#8221;Section&#8221; module_id=&#8221;Reposado&#8221; _builder_version=&#8221;4.21.0&#8243; _module_preset=&#8221;default&#8221; background_color=&#8221;#070c68&#8243; background_enable_image=&#8221;off&#8221; parallax=&#8221;on&#8221; width=&#8221;100%&#8221; max_width=&#8221;100%&#8221; custom_padding=&#8221;19px|||||&#8221; da_popup_slug=&#8221;Reposado&#8221; da_is_singular=&#8221;on&#8221; da_disable_devices=&#8221;off|off|off&#8221; global_colors_info=&#8221;{}&#8221; da_is_popup=&#8221;off&#8221; da_exit_intent=&#8221;off&#8221; da_has_close=&#8221;on&#8221; da_alt_close=&#8221;off&#8221; da_dark_close=&#8221;off&#8221; da_not_modal=&#8221;on&#8221; da_with_loader=&#8221;off&#8221; da_has_shadow=&#8221;on&#8221;][et_pb_row _builder_version=&#8221;4.20.4&#8243; _module_preset=&#8221;default&#8221; width=&#8221;21%&#8221; width_tablet=&#8221;49%&#8221; width_phone=&#8221;78%&#8221; width_last_edited=&#8221;on|phone&#8221; max_width=&#8221;100%&#8221; module_alignment=&#8221;right&#8221; custom_margin=&#8221;||||false|false&#8221; custom_padding=&#8221;||||false|false&#8221; global_colors_info=&#8221;{}&#8221;][et_pb_column type=&#8221;4_4&#8243; _builder_version=&#8221;4.20.4&#8243; _module_preset=&#8221;default&#8221; global_colors_info=&#8221;{}&#8221;][et_pb_toggle title=&#8221;Hola! estas en un sitio con Realidad Aumentada&#8221; open_toggle_text_color=&#8221;#FFFFFF&#8221; closed_toggle_text_color=&#8221;#FFFFFF&#8221; toggle_icon=&#8221;&#x47;||divi||400&#8243; open_icon_color=&#8221;#FFFFFF&#8221; _builder_version=&#8221;4.20.4&#8243; _module_preset=&#8221;default&#8221; title_text_color=&#8221;#FFFFFF&#8221; title_font_size=&#8221;14px&#8221; body_text_color=&#8221;#FFFFFF&#8221; background_color=&#8221;rgba(119,196,80,0.76)&#8221; width=&#8221;100%&#8221; custom_margin=&#8221;0px|0px|0px||false|false&#8221; custom_margin_tablet=&#8221;0px|0px|0px||false|false&#8221; custom_margin_phone=&#8221;|-28px|||false|false&#8221; custom_margin_last_edited=&#8221;on|desktop&#8221; custom_padding=&#8221;5px|16px|5px||true|false&#8221; custom_padding_tablet=&#8221;|21px|||true|false&#8221; custom_padding_phone=&#8221;|41px|||true|false&#8221; custom_padding_last_edited=&#8221;on|tablet&#8221; animation_style=&#8221;slide&#8221; animation_direction=&#8221;right&#8221; animation_duration=&#8221;1900ms&#8221; animation_delay=&#8221;950ms&#8221; animation_intensity_slide=&#8221;25%&#8221; title_font_size_tablet=&#8221;12px&#8221; title_font_size_phone=&#8221;10px&#8221; title_font_size_last_edited=&#8221;on|phone&#8221; title_text_shadow_style=&#8221;preset1&#8243; border_radii=&#8221;off|7px|||7px&#8221; box_shadow_style=&#8221;preset3&#8243; global_colors_info=&#8221;{}&#8221;]<\/p>\n<p>Algunos objetos en este sitio los podr\u00e1s mover e incluso algunos proyectarlos en tu entorno d\u00e1ndole clic a la imagen. Disfr\u00fatalo<\/p>\n<p>[\/et_pb_toggle][\/et_pb_column][\/et_pb_row][et_pb_row _builder_version=&#8221;4.20.4&#8243; _module_preset=&#8221;default&#8221; background_color=&#8221;rgba(255,255,255,0.75)&#8221; width_tablet=&#8221;&#8221; width_phone=&#8221;100%&#8221; width_last_edited=&#8221;on|phone&#8221; border_radii=&#8221;on|22px|22px|22px|22px&#8221; border_radii_tablet=&#8221;on|22px|22px|22px|22px&#8221; border_radii_phone=&#8221;on|0px|0px|0px|0px&#8221; border_radii_last_edited=&#8221;on|phone&#8221; global_colors_info=&#8221;{}&#8221;][et_pb_column type=&#8221;4_4&#8243; _builder_version=&#8221;4.20.4&#8243; _module_preset=&#8221;default&#8221; global_colors_info=&#8221;{}&#8221;][et_pb_text _builder_version=&#8221;4.21.0&#8243; _module_preset=&#8221;default&#8221; text_text_color=&#8221;#2d2d2d&#8221; text_font_size=&#8221;20px&#8221; text_orientation=&#8221;center&#8221; global_colors_info=&#8221;{}&#8221;]<\/p>\n<p>Explora en Detalle: El Poder de la Realidad Aumentada<\/p>\n<p>[\/et_pb_text][et_pb_code raw_content_last_edited=&#8221;off|phone&#8221; disabled_on=&#8221;off|off|on&#8221; admin_label=&#8221;CODIGO MOVIL&#8221; module_id=&#8221;model-viewer-container&#8221; _builder_version=&#8221;4.21.0&#8243; _module_preset=&#8221;default&#8221; background_enable_color=&#8221;off&#8221; text_orientation=&#8221;center&#8221; width=&#8221;100%&#8221; width_tablet=&#8221;42%&#8221; width_phone=&#8221;81%&#8221; width_last_edited=&#8221;on|desktop&#8221; max_width=&#8221;100%&#8221; module_alignment=&#8221;center&#8221; min_height=&#8221;346%&#8221; height=&#8221;100%&#8221; custom_margin=&#8221;||25px|||&#8221; custom_padding=&#8221;116px||116px||true|false&#8221; animation_style=&#8221;zoom&#8221; animation_duration=&#8221;1500ms&#8221; custom_css_main_element=&#8221;width: 100%; \/* ajusta este valor seg\u00fan lo que necesites *\/||height: 200px; \/* ajusta este valor seg\u00fan lo que necesites *\/||display: flex;||justify-content: center;||align-items: center;||&#8221; border_radii=&#8221;on|102px|102px|102px|102px&#8221; global_colors_info=&#8221;{}&#8221;]<model-viewer id=\"preview-model\" src=\"https:\/\/mktandweb.com\/wp-content\/uploads\/2023\/BotellaEnPedestalMaya2.glb\" ar ar-modes=\"scene-viewer webxr quick-look\" ios-src=\"https:\/\/mktandweb.com\/wp-content\/uploads\/2023\/BotellaA2.glb\" quick-look-browsers=\"safari chrome\" poster=\"https:\/\/mktandweb.com\/wp-content\/uploads\/2023\/botellaexportar.png\" camera-controls auto-rotate camera-orbit=\"30deg 50deg 2.8m\" field-of-view=\"30deg\" align=\"center top\"><!-- [et_pb_line_break_holder] --><\/model-viewer><!-- [et_pb_line_break_holder] --><!-- [et_pb_line_break_holder] --><script><!-- [et_pb_line_break_holder] -->  const modelViewer = document.querySelector(\"#preview-model\");<!-- [et_pb_line_break_holder] --><!-- [et_pb_line_break_holder] -->  modelViewer.addEventListener(\"load\", () => {<!-- [et_pb_line_break_holder] -->    modelViewer.removeAttribute(\"ar\");<!-- [et_pb_line_break_holder] -->  });<!-- [et_pb_line_break_holder] --><!-- [et_pb_line_break_holder] -->  modelViewer.addEventListener(\"click\", () => {<!-- [et_pb_line_break_holder] -->    modelViewer.src = \"https:\/\/mktandweb.com\/wp-content\/uploads\/2023\/BotellaEnPedestalMaya2.glb\";<!-- [et_pb_line_break_holder] -->    modelViewer.setAttribute(\"ar\", \"\");<!-- [et_pb_line_break_holder] -->    setTimeout(() => {<!-- [et_pb_line_break_holder] -->      modelViewer.activateAR();<!-- [et_pb_line_break_holder] -->    }, 100);<!-- [et_pb_line_break_holder] -->  });<!-- [et_pb_line_break_holder] --><!-- [et_pb_line_break_holder] -->  document.addEventListener(\"visibilitychange\", () => {<!-- [et_pb_line_break_holder] -->    if (document.visibilityState === \"visible\") {<!-- [et_pb_line_break_holder] -->      modelViewer.src = \"https:\/\/mktandweb.com\/wp-content\/uploads\/2023\/BotellaA2.glb\";<!-- [et_pb_line_break_holder] -->      modelViewer.removeAttribute(\"ar\");<!-- [et_pb_line_break_holder] -->    }<!-- [et_pb_line_break_holder] -->  });<!-- [et_pb_line_break_holder] --><\/script><!-- [et_pb_line_break_holder] --><!-- [et_pb_line_break_holder] --><script type=\"module\" src=\"https:\/\/unpkg.com\/@google\/model-viewer\/dist\/model-viewer.min.js\"><\/script>[\/et_pb_code][et_pb_code disabled_on=&#8221;on|on|off&#8221; admin_label=&#8221;CODIGO PC&#8221; module_id=&#8221;model-viewer-container&#8221; _builder_version=&#8221;4.20.4&#8243; _module_preset=&#8221;default&#8221; background_enable_color=&#8221;off&#8221; custom_css_main_element=&#8221;width: 100%; \/* ajusta este valor seg\u00fan lo que necesites *\/||height: 100px; \/* ajusta este valor seg\u00fan lo que necesites *\/||display: flex;||justify-content: center;||align-items: center;&#8221; border_radii=&#8221;on|68px|68px|68px|68px&#8221; global_colors_info=&#8221;{}&#8221;]<model-viewer id=\"model-viewer-pc\" src=\"https:\/\/mktandweb.com\/wp-content\/uploads\/2023\/BotellaA2.glb\" poster=\"https:\/\/mktandweb.com\/wp-content\/uploads\/2023\/botellaexportar.png\" exposure=\"1.8\" camera-controls auto-rotate camera-orbit=\"30deg 50deg 2.8m\" field-of-view=\"30deg\" align=\"center top\"><!-- [et_pb_line_break_holder] --><\/model-viewer><!-- [et_pb_line_break_holder] --><!-- [et_pb_line_break_holder] --><script type=\"module\" src=\"https:\/\/unpkg.com\/@google\/model-viewer\/dist\/model-viewer.min.js\"><\/script><!-- [et_pb_line_break_holder] --><!-- [et_pb_line_break_holder] -->[\/et_pb_code][et_pb_text _builder_version=&#8221;4.21.0&#8243; _module_preset=&#8221;default&#8221; text_text_color=&#8221;#000000&#8243; background_color=&#8221;rgba(255,255,255,0.71)&#8221; text_orientation=&#8221;justified&#8221; custom_padding=&#8221;10px|22px|10px|22px|true|true&#8221; border_radii=&#8221;on|2px|2px|2px|2px&#8221; border_radii_tablet=&#8221;on|0px|0px|0px|0px&#8221; border_radii_phone=&#8221;on|0px|0px|0px|0px&#8221; border_radii_last_edited=&#8221;on|phone&#8221; global_colors_info=&#8221;{}&#8221;]<\/p>\n<p>Desliza, rota, acerca y explora la botella en tu entorno para experimentar una inmersi\u00f3n completa. Con nuestra tecnolog\u00eda de Realidad Aumentada, cada detalle de tu producto cobra vida, permitiendo a tus clientes interactuar y conocer a fondo lo que ofreces. Imagina las posibilidades y c\u00f3mo esta herramienta puede elevar la experiencia de usuario en tu sitio. Esta es solo una muestra del futuro del comercio digital. \u00bfEst\u00e1s listo para ser parte de \u00e9l?<\/p>\n<p>[\/et_pb_text][\/et_pb_column][\/et_pb_row][\/et_pb_section]<\/p>\n","protected":false},"excerpt":{"rendered":"<p>Algunos objetos en este sitio los podr\u00e1s mover e incluso algunos proyectarlos en tu entorno d\u00e1ndole clic a la imagen. Disfr\u00fataloExplora en Detalle: El Poder de la Realidad AumentadaDesliza, rota, acerca y explora la botella en tu entorno para experimentar una inmersi\u00f3n completa. Con nuestra tecnolog\u00eda de Realidad Aumentada, cada detalle de tu producto cobra [&hellip;]<\/p>\n","protected":false},"author":2,"featured_media":0,"parent":0,"menu_order":0,"comment_status":"closed","ping_status":"closed","template":"","meta":{"_et_pb_use_builder":"on","_et_pb_old_content":"","_et_gb_content_width":"","footnotes":""},"class_list":["post-974","page","type-page","status-publish","hentry"],"yoast_head":"<!-- This site is optimized with the Yoast SEO plugin v27.3 - https:\/\/yoast.com\/product\/yoast-seo-wordpress\/ -->\n<title>RA-botella - M&amp;W<\/title>\n<meta name=\"robots\" content=\"index, follow, max-snippet:-1, max-image-preview:large, max-video-preview:-1\" \/>\n<link rel=\"canonical\" href=\"https:\/\/mktandweb.com\/en\/ra-botella\/\" \/>\n<meta property=\"og:locale\" content=\"en_US\" \/>\n<meta property=\"og:type\" content=\"article\" \/>\n<meta property=\"og:title\" content=\"RA-botella - M&amp;W\" \/>\n<meta property=\"og:description\" content=\"Algunos objetos en este sitio los podr\u00e1s mover e incluso algunos proyectarlos en tu entorno d\u00e1ndole clic a la imagen. Disfr\u00fataloExplora en Detalle: El Poder de la Realidad AumentadaDesliza, rota, acerca y explora la botella en tu entorno para experimentar una inmersi\u00f3n completa. Con nuestra tecnolog\u00eda de Realidad Aumentada, cada detalle de tu producto cobra [&hellip;]\" \/>\n<meta property=\"og:url\" content=\"https:\/\/mktandweb.com\/en\/ra-botella\/\" \/>\n<meta property=\"og:site_name\" content=\"M&amp;W\" \/>\n<meta property=\"article:modified_time\" content=\"2023-08-29T03:51:44+00:00\" \/>\n<meta name=\"twitter:card\" content=\"summary_large_image\" \/>\n<meta name=\"twitter:label1\" content=\"Est. reading time\" \/>\n\t<meta name=\"twitter:data1\" content=\"4 minutes\" \/>\n<script type=\"application\/ld+json\" class=\"yoast-schema-graph\">{\"@context\":\"https:\\\/\\\/schema.org\",\"@graph\":[{\"@type\":\"WebPage\",\"@id\":\"https:\\\/\\\/mktandweb.com\\\/ra-botella\\\/\",\"url\":\"https:\\\/\\\/mktandweb.com\\\/ra-botella\\\/\",\"name\":\"RA-botella - M&amp;W\",\"isPartOf\":{\"@id\":\"https:\\\/\\\/mktandweb.com\\\/#website\"},\"datePublished\":\"2023-04-10T06:05:14+00:00\",\"dateModified\":\"2023-08-29T03:51:44+00:00\",\"breadcrumb\":{\"@id\":\"https:\\\/\\\/mktandweb.com\\\/ra-botella\\\/#breadcrumb\"},\"inLanguage\":\"en-US\",\"potentialAction\":[{\"@type\":\"ReadAction\",\"target\":[\"https:\\\/\\\/mktandweb.com\\\/ra-botella\\\/\"]}]},{\"@type\":\"BreadcrumbList\",\"@id\":\"https:\\\/\\\/mktandweb.com\\\/ra-botella\\\/#breadcrumb\",\"itemListElement\":[{\"@type\":\"ListItem\",\"position\":1,\"name\":\"Portada\",\"item\":\"https:\\\/\\\/mktandweb.com\\\/\"},{\"@type\":\"ListItem\",\"position\":2,\"name\":\"RA-botella\"}]},{\"@type\":\"WebSite\",\"@id\":\"https:\\\/\\\/mktandweb.com\\\/#website\",\"url\":\"https:\\\/\\\/mktandweb.com\\\/\",\"name\":\"MKTandWeb\",\"description\":\"MKTandWEB\",\"publisher\":{\"@id\":\"https:\\\/\\\/mktandweb.com\\\/#organization\"},\"potentialAction\":[{\"@type\":\"SearchAction\",\"target\":{\"@type\":\"EntryPoint\",\"urlTemplate\":\"https:\\\/\\\/mktandweb.com\\\/?s={search_term_string}\"},\"query-input\":{\"@type\":\"PropertyValueSpecification\",\"valueRequired\":true,\"valueName\":\"search_term_string\"}}],\"inLanguage\":\"en-US\"},{\"@type\":\"Organization\",\"@id\":\"https:\\\/\\\/mktandweb.com\\\/#organization\",\"name\":\"MKTandWeb\",\"alternateName\":\"M&W\",\"url\":\"https:\\\/\\\/mktandweb.com\\\/\",\"logo\":{\"@type\":\"ImageObject\",\"inLanguage\":\"en-US\",\"@id\":\"https:\\\/\\\/mktandweb.com\\\/#\\\/schema\\\/logo\\\/image\\\/\",\"url\":\"https:\\\/\\\/mktandweb.com\\\/wp-content\\\/uploads\\\/2023\\\/03\\\/cropped-LOGO-MKTandWEB.png\",\"contentUrl\":\"https:\\\/\\\/mktandweb.com\\\/wp-content\\\/uploads\\\/2023\\\/03\\\/cropped-LOGO-MKTandWEB.png\",\"width\":512,\"height\":512,\"caption\":\"MKTandWeb\"},\"image\":{\"@id\":\"https:\\\/\\\/mktandweb.com\\\/#\\\/schema\\\/logo\\\/image\\\/\"}}]}<\/script>\n<!-- \/ Yoast SEO plugin. -->","yoast_head_json":{"title":"RA-botella - M&amp;W","robots":{"index":"index","follow":"follow","max-snippet":"max-snippet:-1","max-image-preview":"max-image-preview:large","max-video-preview":"max-video-preview:-1"},"canonical":"https:\/\/mktandweb.com\/en\/ra-botella\/","og_locale":"en_US","og_type":"article","og_title":"RA-botella - M&amp;W","og_description":"Algunos objetos en este sitio los podr\u00e1s mover e incluso algunos proyectarlos en tu entorno d\u00e1ndole clic a la imagen. Disfr\u00fataloExplora en Detalle: El Poder de la Realidad AumentadaDesliza, rota, acerca y explora la botella en tu entorno para experimentar una inmersi\u00f3n completa. Con nuestra tecnolog\u00eda de Realidad Aumentada, cada detalle de tu producto cobra [&hellip;]","og_url":"https:\/\/mktandweb.com\/en\/ra-botella\/","og_site_name":"M&amp;W","article_modified_time":"2023-08-29T03:51:44+00:00","twitter_card":"summary_large_image","twitter_misc":{"Est. reading time":"4 minutes"},"schema":{"@context":"https:\/\/schema.org","@graph":[{"@type":"WebPage","@id":"https:\/\/mktandweb.com\/ra-botella\/","url":"https:\/\/mktandweb.com\/ra-botella\/","name":"RA-botella - M&amp;W","isPartOf":{"@id":"https:\/\/mktandweb.com\/#website"},"datePublished":"2023-04-10T06:05:14+00:00","dateModified":"2023-08-29T03:51:44+00:00","breadcrumb":{"@id":"https:\/\/mktandweb.com\/ra-botella\/#breadcrumb"},"inLanguage":"en-US","potentialAction":[{"@type":"ReadAction","target":["https:\/\/mktandweb.com\/ra-botella\/"]}]},{"@type":"BreadcrumbList","@id":"https:\/\/mktandweb.com\/ra-botella\/#breadcrumb","itemListElement":[{"@type":"ListItem","position":1,"name":"Portada","item":"https:\/\/mktandweb.com\/"},{"@type":"ListItem","position":2,"name":"RA-botella"}]},{"@type":"WebSite","@id":"https:\/\/mktandweb.com\/#website","url":"https:\/\/mktandweb.com\/","name":"MKTandWeb","description":"MKTandWEB","publisher":{"@id":"https:\/\/mktandweb.com\/#organization"},"potentialAction":[{"@type":"SearchAction","target":{"@type":"EntryPoint","urlTemplate":"https:\/\/mktandweb.com\/?s={search_term_string}"},"query-input":{"@type":"PropertyValueSpecification","valueRequired":true,"valueName":"search_term_string"}}],"inLanguage":"en-US"},{"@type":"Organization","@id":"https:\/\/mktandweb.com\/#organization","name":"MKTandWeb","alternateName":"M&W","url":"https:\/\/mktandweb.com\/","logo":{"@type":"ImageObject","inLanguage":"en-US","@id":"https:\/\/mktandweb.com\/#\/schema\/logo\/image\/","url":"https:\/\/mktandweb.com\/wp-content\/uploads\/2023\/03\/cropped-LOGO-MKTandWEB.png","contentUrl":"https:\/\/mktandweb.com\/wp-content\/uploads\/2023\/03\/cropped-LOGO-MKTandWEB.png","width":512,"height":512,"caption":"MKTandWeb"},"image":{"@id":"https:\/\/mktandweb.com\/#\/schema\/logo\/image\/"}}]}},"_links":{"self":[{"href":"https:\/\/mktandweb.com\/en\/wp-json\/wp\/v2\/pages\/974","targetHints":{"allow":["GET"]}}],"collection":[{"href":"https:\/\/mktandweb.com\/en\/wp-json\/wp\/v2\/pages"}],"about":[{"href":"https:\/\/mktandweb.com\/en\/wp-json\/wp\/v2\/types\/page"}],"author":[{"embeddable":true,"href":"https:\/\/mktandweb.com\/en\/wp-json\/wp\/v2\/users\/2"}],"replies":[{"embeddable":true,"href":"https:\/\/mktandweb.com\/en\/wp-json\/wp\/v2\/comments?post=974"}],"version-history":[{"count":56,"href":"https:\/\/mktandweb.com\/en\/wp-json\/wp\/v2\/pages\/974\/revisions"}],"predecessor-version":[{"id":1393,"href":"https:\/\/mktandweb.com\/en\/wp-json\/wp\/v2\/pages\/974\/revisions\/1393"}],"wp:attachment":[{"href":"https:\/\/mktandweb.com\/en\/wp-json\/wp\/v2\/media?parent=974"}],"curies":[{"name":"wp","href":"https:\/\/api.w.org\/{rel}","templated":true}]}}