{"id":1642,"date":"2025-10-18T08:18:45","date_gmt":"2025-10-18T08:18:45","guid":{"rendered":"https:\/\/mktandweb.com\/?post_type=product&#038;p=1642"},"modified":"2025-10-20T07:16:02","modified_gmt":"2025-10-20T07:16:02","slug":"pwa-tienda-menu-envio","status":"publish","type":"product","link":"https:\/\/mktandweb.com\/en\/product\/pwa-tienda-menu-envio\/","title":{"rendered":"PWA TIENDA\/MENU + ENVIO"},"content":{"rendered":"<p>PWA TIENDA\/MENU + ENVIO incluye todo lo necesario para destacar en el mundo digital: dise\u00f1o web responsivo, licencia Divi de por vida, hosting y dominio por 1 a\u00f1o, correos corporativos, certificado SSL y un proceso profesional con entrega r\u00e1pida. Ideal para negocios que buscan proyectar confianza y atraer clientes con una presencia online premium.<\/p>\n<p>&nbsp;<\/p>\n<p>Incluye:<\/p>\n<div class=\"et_pb_pricing_content\">\n<ul class=\"et_pb_pricing\">\n<li>6 Hasta Secciones<\/li>\n<li>Licencia LifeTime DIVI<\/li>\n<li>Tienda\/Men\u00fa<\/li>\n<li>Cupones propios<\/li>\n<li>Envios<\/li>\n<li>Notificaciones Web<\/li>\n<li>Pasarela de pagos<\/li>\n<li>Instalable<\/li>\n<li>Visible sin conexi\u00f3n<\/li>\n<li>Dominio 1 a\u00f1o<\/li>\n<li>Hospedaje Web 1 a\u00f1o<\/li>\n<li>100 Correos @tunegocio.com<\/li>\n<li>Certificado SSL<\/li>\n<li>Dise\u00f1o Web responsivo<\/li>\n<\/ul>\n<p>&nbsp;<\/p>\n<p>Las PWA (Aplicaciones Web Progresivas) son la evoluci\u00f3n del futuro digital, combinando la eficacia de un sitio web con las funcionalidades avanzadas de una aplicaci\u00f3n m\u00f3vil. Env\u00eda notificaciones directas a tus clientes y potencia la presencia de tu marca\/producto como nunca antes. \u00a1Adel\u00e1ntate al futuro con las PWA!<\/p>\n<p>Revoluciona tu presencia en l\u00ednea con nuestras PWA. Este servicio vanguardista combina lo mejor de las aplicaciones m\u00f3viles y los sitios web, ofreciendo una experiencia de usuario fluida y atractiva, sin importar el dispositivo que utilicen tus clientes. Con funcionalidades como notificaciones push y acceso sin conexi\u00f3n, nuestras PWA no solo mejoran la engagement, sino que tambi\u00e9n mantienen a tu marca al alcance de tus clientes en todo momento.<\/p>\n<\/div>","protected":false},"excerpt":{"rendered":"<p>PWA TIENDA\/MENU + ENVIO con dise\u00f1o profesional, hosting seguro, SSL y soporte especializado.<\/p>","protected":false},"featured_media":343,"template":"","meta":{"_et_pb_use_builder":"","_et_pb_old_content":"","_et_gb_content_width":""},"product_brand":[],"product_cat":[30,22],"product_tag":[34,31,32],"class_list":{"0":"post-1642","1":"product","2":"type-product","3":"status-publish","4":"has-post-thumbnail","6":"product_cat-pwa","7":"product_cat-tienda","8":"product_tag-envio","9":"product_tag-pwa","10":"product_tag-tienda","12":"first","13":"instock","14":"virtual","15":"product-type-simple"},"yoast_head":"<!-- This site is optimized with the Yoast SEO plugin v27.3 - https:\/\/yoast.com\/product\/yoast-seo-wordpress\/ -->\n<title>PWA TIENDA\/MENU + ENVIO - M&amp;W<\/title>\n<meta name=\"description\" content=\"PWA TIENDA\/MENU + ENVIO Destacar en el mundo digital. Ideal para negocios que buscan proyectar confianza y atraer clientes con presencia online premium.\" \/>\n<meta name=\"robots\" content=\"index, follow, max-snippet:-1, max-image-preview:large, max-video-preview:-1\" \/>\n<link rel=\"canonical\" href=\"https:\/\/mktandweb.com\/en\/product\/pwa-tienda-menu-envio\/\" \/>\n<meta property=\"og:locale\" content=\"en_US\" \/>\n<meta property=\"og:type\" content=\"article\" \/>\n<meta property=\"og:title\" content=\"PWA TIENDA\/MENU + ENVIO - M&amp;W\" \/>\n<meta property=\"og:description\" content=\"PWA TIENDA\/MENU + ENVIO Destacar en el mundo digital. Ideal para negocios que buscan proyectar confianza y atraer clientes con presencia online premium.\" \/>\n<meta property=\"og:url\" content=\"https:\/\/mktandweb.com\/en\/product\/pwa-tienda-menu-envio\/\" \/>\n<meta property=\"og:site_name\" content=\"M&amp;W\" \/>\n<meta property=\"article:modified_time\" content=\"2025-10-20T07:16:02+00:00\" \/>\n<meta property=\"og:image\" content=\"https:\/\/mktandweb.com\/wp-content\/uploads\/2021\/01\/pwa2.jpg\" \/>\n\t<meta property=\"og:image:width\" content=\"600\" \/>\n\t<meta property=\"og:image:height\" content=\"600\" \/>\n\t<meta property=\"og:image:type\" content=\"image\/jpeg\" \/>\n<meta name=\"twitter:card\" content=\"summary_large_image\" \/>\n<meta name=\"twitter:label1\" content=\"Est. reading time\" \/>\n\t<meta name=\"twitter:data1\" content=\"2 minutes\" \/>\n<script type=\"application\/ld+json\" class=\"yoast-schema-graph\">{\"@context\":\"https:\\\/\\\/schema.org\",\"@graph\":[{\"@type\":\"WebPage\",\"@id\":\"https:\\\/\\\/mktandweb.com\\\/producto\\\/pwa-tienda-menu-envio\\\/\",\"url\":\"https:\\\/\\\/mktandweb.com\\\/producto\\\/pwa-tienda-menu-envio\\\/\",\"name\":\"PWA TIENDA\\\/MENU + ENVIO - M&amp;W\",\"isPartOf\":{\"@id\":\"https:\\\/\\\/mktandweb.com\\\/#website\"},\"primaryImageOfPage\":{\"@id\":\"https:\\\/\\\/mktandweb.com\\\/producto\\\/pwa-tienda-menu-envio\\\/#primaryimage\"},\"image\":{\"@id\":\"https:\\\/\\\/mktandweb.com\\\/producto\\\/pwa-tienda-menu-envio\\\/#primaryimage\"},\"thumbnailUrl\":\"https:\\\/\\\/mktandweb.com\\\/wp-content\\\/uploads\\\/2021\\\/01\\\/pwa2.jpg\",\"datePublished\":\"2025-10-18T08:18:45+00:00\",\"dateModified\":\"2025-10-20T07:16:02+00:00\",\"description\":\"PWA TIENDA\\\/MENU + ENVIO Destacar en el mundo digital. Ideal para negocios que buscan proyectar confianza y atraer clientes con presencia online premium.\",\"breadcrumb\":{\"@id\":\"https:\\\/\\\/mktandweb.com\\\/producto\\\/pwa-tienda-menu-envio\\\/#breadcrumb\"},\"inLanguage\":\"en-US\",\"potentialAction\":[{\"@type\":\"ReadAction\",\"target\":[\"https:\\\/\\\/mktandweb.com\\\/producto\\\/pwa-tienda-menu-envio\\\/\"]}]},{\"@type\":\"ImageObject\",\"inLanguage\":\"en-US\",\"@id\":\"https:\\\/\\\/mktandweb.com\\\/producto\\\/pwa-tienda-menu-envio\\\/#primaryimage\",\"url\":\"https:\\\/\\\/mktandweb.com\\\/wp-content\\\/uploads\\\/2021\\\/01\\\/pwa2.jpg\",\"contentUrl\":\"https:\\\/\\\/mktandweb.com\\\/wp-content\\\/uploads\\\/2021\\\/01\\\/pwa2.jpg\",\"width\":600,\"height\":600,\"caption\":\"pwa\"},{\"@type\":\"BreadcrumbList\",\"@id\":\"https:\\\/\\\/mktandweb.com\\\/producto\\\/pwa-tienda-menu-envio\\\/#breadcrumb\",\"itemListElement\":[{\"@type\":\"ListItem\",\"position\":1,\"name\":\"Portada\",\"item\":\"https:\\\/\\\/mktandweb.com\\\/\"},{\"@type\":\"ListItem\",\"position\":2,\"name\":\"Tienda\",\"item\":\"https:\\\/\\\/mktandweb.com\\\/tienda\\\/\"},{\"@type\":\"ListItem\",\"position\":3,\"name\":\"PWA TIENDA\\\/MENU + ENVIO\"}]},{\"@type\":\"WebSite\",\"@id\":\"https:\\\/\\\/mktandweb.com\\\/#website\",\"url\":\"https:\\\/\\\/mktandweb.com\\\/\",\"name\":\"MKTandWeb\",\"description\":\"MKTandWEB\",\"publisher\":{\"@id\":\"https:\\\/\\\/mktandweb.com\\\/#organization\"},\"potentialAction\":[{\"@type\":\"SearchAction\",\"target\":{\"@type\":\"EntryPoint\",\"urlTemplate\":\"https:\\\/\\\/mktandweb.com\\\/?s={search_term_string}\"},\"query-input\":{\"@type\":\"PropertyValueSpecification\",\"valueRequired\":true,\"valueName\":\"search_term_string\"}}],\"inLanguage\":\"en-US\"},{\"@type\":\"Organization\",\"@id\":\"https:\\\/\\\/mktandweb.com\\\/#organization\",\"name\":\"MKTandWeb\",\"alternateName\":\"M&W\",\"url\":\"https:\\\/\\\/mktandweb.com\\\/\",\"logo\":{\"@type\":\"ImageObject\",\"inLanguage\":\"en-US\",\"@id\":\"https:\\\/\\\/mktandweb.com\\\/#\\\/schema\\\/logo\\\/image\\\/\",\"url\":\"https:\\\/\\\/mktandweb.com\\\/wp-content\\\/uploads\\\/2023\\\/03\\\/cropped-LOGO-MKTandWEB.png\",\"contentUrl\":\"https:\\\/\\\/mktandweb.com\\\/wp-content\\\/uploads\\\/2023\\\/03\\\/cropped-LOGO-MKTandWEB.png\",\"width\":512,\"height\":512,\"caption\":\"MKTandWeb\"},\"image\":{\"@id\":\"https:\\\/\\\/mktandweb.com\\\/#\\\/schema\\\/logo\\\/image\\\/\"}}]}<\/script>\n<!-- \/ Yoast SEO plugin. -->","yoast_head_json":{"title":"PWA TIENDA\/MENU + ENVIO - M&amp;W","description":"PWA TIENDA\/MENU + ENVIO Destacar en el mundo digital. Ideal para negocios que buscan proyectar confianza y atraer clientes con presencia online premium.","robots":{"index":"index","follow":"follow","max-snippet":"max-snippet:-1","max-image-preview":"max-image-preview:large","max-video-preview":"max-video-preview:-1"},"canonical":"https:\/\/mktandweb.com\/en\/product\/pwa-tienda-menu-envio\/","og_locale":"en_US","og_type":"article","og_title":"PWA TIENDA\/MENU + ENVIO - M&amp;W","og_description":"PWA TIENDA\/MENU + ENVIO Destacar en el mundo digital. Ideal para negocios que buscan proyectar confianza y atraer clientes con presencia online premium.","og_url":"https:\/\/mktandweb.com\/en\/product\/pwa-tienda-menu-envio\/","og_site_name":"M&amp;W","article_modified_time":"2025-10-20T07:16:02+00:00","og_image":[{"width":600,"height":600,"url":"https:\/\/mktandweb.com\/wp-content\/uploads\/2021\/01\/pwa2.jpg","type":"image\/jpeg"}],"twitter_card":"summary_large_image","twitter_misc":{"Est. reading time":"2 minutes"},"schema":{"@context":"https:\/\/schema.org","@graph":[{"@type":"WebPage","@id":"https:\/\/mktandweb.com\/producto\/pwa-tienda-menu-envio\/","url":"https:\/\/mktandweb.com\/producto\/pwa-tienda-menu-envio\/","name":"PWA TIENDA\/MENU + ENVIO - M&amp;W","isPartOf":{"@id":"https:\/\/mktandweb.com\/#website"},"primaryImageOfPage":{"@id":"https:\/\/mktandweb.com\/producto\/pwa-tienda-menu-envio\/#primaryimage"},"image":{"@id":"https:\/\/mktandweb.com\/producto\/pwa-tienda-menu-envio\/#primaryimage"},"thumbnailUrl":"https:\/\/mktandweb.com\/wp-content\/uploads\/2021\/01\/pwa2.jpg","datePublished":"2025-10-18T08:18:45+00:00","dateModified":"2025-10-20T07:16:02+00:00","description":"PWA TIENDA\/MENU + ENVIO Destacar en el mundo digital. Ideal para negocios que buscan proyectar confianza y atraer clientes con presencia online premium.","breadcrumb":{"@id":"https:\/\/mktandweb.com\/producto\/pwa-tienda-menu-envio\/#breadcrumb"},"inLanguage":"en-US","potentialAction":[{"@type":"ReadAction","target":["https:\/\/mktandweb.com\/producto\/pwa-tienda-menu-envio\/"]}]},{"@type":"ImageObject","inLanguage":"en-US","@id":"https:\/\/mktandweb.com\/producto\/pwa-tienda-menu-envio\/#primaryimage","url":"https:\/\/mktandweb.com\/wp-content\/uploads\/2021\/01\/pwa2.jpg","contentUrl":"https:\/\/mktandweb.com\/wp-content\/uploads\/2021\/01\/pwa2.jpg","width":600,"height":600,"caption":"pwa"},{"@type":"BreadcrumbList","@id":"https:\/\/mktandweb.com\/producto\/pwa-tienda-menu-envio\/#breadcrumb","itemListElement":[{"@type":"ListItem","position":1,"name":"Portada","item":"https:\/\/mktandweb.com\/"},{"@type":"ListItem","position":2,"name":"Tienda","item":"https:\/\/mktandweb.com\/tienda\/"},{"@type":"ListItem","position":3,"name":"PWA TIENDA\/MENU + ENVIO"}]},{"@type":"WebSite","@id":"https:\/\/mktandweb.com\/#website","url":"https:\/\/mktandweb.com\/","name":"MKTandWeb","description":"MKTandWEB","publisher":{"@id":"https:\/\/mktandweb.com\/#organization"},"potentialAction":[{"@type":"SearchAction","target":{"@type":"EntryPoint","urlTemplate":"https:\/\/mktandweb.com\/?s={search_term_string}"},"query-input":{"@type":"PropertyValueSpecification","valueRequired":true,"valueName":"search_term_string"}}],"inLanguage":"en-US"},{"@type":"Organization","@id":"https:\/\/mktandweb.com\/#organization","name":"MKTandWeb","alternateName":"M&W","url":"https:\/\/mktandweb.com\/","logo":{"@type":"ImageObject","inLanguage":"en-US","@id":"https:\/\/mktandweb.com\/#\/schema\/logo\/image\/","url":"https:\/\/mktandweb.com\/wp-content\/uploads\/2023\/03\/cropped-LOGO-MKTandWEB.png","contentUrl":"https:\/\/mktandweb.com\/wp-content\/uploads\/2023\/03\/cropped-LOGO-MKTandWEB.png","width":512,"height":512,"caption":"MKTandWeb"},"image":{"@id":"https:\/\/mktandweb.com\/#\/schema\/logo\/image\/"}}]}},"_links":{"self":[{"href":"https:\/\/mktandweb.com\/en\/wp-json\/wp\/v2\/product\/1642","targetHints":{"allow":["GET"]}}],"collection":[{"href":"https:\/\/mktandweb.com\/en\/wp-json\/wp\/v2\/product"}],"about":[{"href":"https:\/\/mktandweb.com\/en\/wp-json\/wp\/v2\/types\/product"}],"wp:featuredmedia":[{"embeddable":true,"href":"https:\/\/mktandweb.com\/en\/wp-json\/wp\/v2\/media\/343"}],"wp:attachment":[{"href":"https:\/\/mktandweb.com\/en\/wp-json\/wp\/v2\/media?parent=1642"}],"wp:term":[{"taxonomy":"product_brand","embeddable":true,"href":"https:\/\/mktandweb.com\/en\/wp-json\/wp\/v2\/product_brand?post=1642"},{"taxonomy":"product_cat","embeddable":true,"href":"https:\/\/mktandweb.com\/en\/wp-json\/wp\/v2\/product_cat?post=1642"},{"taxonomy":"product_tag","embeddable":true,"href":"https:\/\/mktandweb.com\/en\/wp-json\/wp\/v2\/product_tag?post=1642"}],"curies":[{"name":"wp","href":"https:\/\/api.w.org\/{rel}","templated":true}]}}