{"id":1649,"date":"2025-10-18T08:18:45","date_gmt":"2025-10-18T08:18:45","guid":{"rendered":"https:\/\/mktandweb.com\/?post_type=product&#038;p=1649"},"modified":"2025-10-20T07:22:53","modified_gmt":"2025-10-20T07:22:53","slug":"marketing-digital-premium","status":"publish","type":"product","link":"https:\/\/mktandweb.com\/en\/product\/marketing-digital-premium\/","title":{"rendered":"MARKETING DIGITAL PREMIUM"},"content":{"rendered":"<p>En un mundo conectado, invertir en marketing digital ya no es una opci\u00f3n, es una necesidad. Implementamos estrategias poderosas que elevan tu marca, generan tr\u00e1fico de calidad y te hacen destacar frente a tus competidores. \u00a1Es hora de crecer exponencialmente! MARKETING DIGITAL PREMIUM<\/p>\n<p>Con m\u00e1s de 15 a\u00f1os de experiencia, somos expertos en crear e implementar estrategias de marketing digital que generan resultados tangibles. Desde SEO y SEM hasta marketing de contenidos y social media, nuestros servicios est\u00e1n dise\u00f1ados para aumentar tu visibilidad en l\u00ednea, atraer tr\u00e1fico de alta calidad y convertir visitantes en clientes fieles y comprometidos.<\/p>\n<p>MARKETING DIGITAL PREMIUM<br \/>\nIncluye:<\/p>\n<ul class=\"et_pb_pricing\">\n<li>Estrategia de campa\u00f1a est\u00e1ndar<\/li>\n<li>15 Publicaciones mensuales<\/li>\n<li>An\u00e1lisis de mercado est\u00e1ndar<\/li>\n<li>Segmentaci\u00f3n de p\u00fablico<\/li>\n<li>Dise\u00f1o de publicaciones<\/li>\n<li>An\u00e1lisis de impactos mensual<\/li>\n<li>Reportes de resultado por mes<\/li>\n<\/ul>\n<p><strong>Tiempo de entrega de 8 a 10 d\u00edas h\u00e1biles.<\/strong><\/p>","protected":false},"excerpt":{"rendered":"<p>MARKETING DIGITAL PREMIUM<\/p>","protected":false},"featured_media":345,"template":"","meta":{"_et_pb_use_builder":"","_et_pb_old_content":"","_et_gb_content_width":""},"product_brand":[],"product_cat":[41],"product_tag":[60],"class_list":{"0":"post-1649","1":"product","2":"type-product","3":"status-publish","4":"has-post-thumbnail","6":"product_cat-marketing-digital","7":"product_tag-marketin-digital","9":"first","10":"instock","11":"virtual","12":"product-type-simple"},"yoast_head":"<!-- This site is optimized with the Yoast SEO plugin v27.3 - https:\/\/yoast.com\/product\/yoast-seo-wordpress\/ -->\n<title>MARKETING DIGITAL PREMIUM - M&amp;W<\/title>\n<meta name=\"description\" content=\"MARKETING DIGITAL PREMIUM En un mundo conectado, invertir en marketing digital ya no es una opci\u00f3n, es una necesidad. Implementamos estrategias poderosas\" \/>\n<meta name=\"robots\" content=\"index, follow, max-snippet:-1, max-image-preview:large, max-video-preview:-1\" \/>\n<link rel=\"canonical\" href=\"https:\/\/mktandweb.com\/en\/product\/marketing-digital-premium\/\" \/>\n<meta property=\"og:locale\" content=\"en_US\" \/>\n<meta property=\"og:type\" content=\"article\" \/>\n<meta property=\"og:title\" content=\"MARKETING DIGITAL PREMIUM - M&amp;W\" \/>\n<meta property=\"og:description\" content=\"MARKETING DIGITAL PREMIUM En un mundo conectado, invertir en marketing digital ya no es una opci\u00f3n, es una necesidad. Implementamos estrategias poderosas\" \/>\n<meta property=\"og:url\" content=\"https:\/\/mktandweb.com\/en\/product\/marketing-digital-premium\/\" \/>\n<meta property=\"og:site_name\" content=\"M&amp;W\" \/>\n<meta property=\"article:modified_time\" content=\"2025-10-20T07:22:53+00:00\" \/>\n<meta property=\"og:image\" content=\"https:\/\/mktandweb.com\/wp-content\/uploads\/2021\/01\/Campana2.jpg\" \/>\n\t<meta property=\"og:image:width\" content=\"600\" \/>\n\t<meta property=\"og:image:height\" content=\"600\" \/>\n\t<meta property=\"og:image:type\" content=\"image\/jpeg\" \/>\n<meta name=\"twitter:card\" content=\"summary_large_image\" \/>\n<meta name=\"twitter:label1\" content=\"Est. reading time\" \/>\n\t<meta name=\"twitter:data1\" content=\"1 minute\" \/>\n<script type=\"application\/ld+json\" class=\"yoast-schema-graph\">{\"@context\":\"https:\\\/\\\/schema.org\",\"@graph\":[{\"@type\":\"WebPage\",\"@id\":\"https:\\\/\\\/mktandweb.com\\\/producto\\\/marketing-digital-premium\\\/\",\"url\":\"https:\\\/\\\/mktandweb.com\\\/producto\\\/marketing-digital-premium\\\/\",\"name\":\"MARKETING DIGITAL PREMIUM - M&amp;W\",\"isPartOf\":{\"@id\":\"https:\\\/\\\/mktandweb.com\\\/#website\"},\"primaryImageOfPage\":{\"@id\":\"https:\\\/\\\/mktandweb.com\\\/producto\\\/marketing-digital-premium\\\/#primaryimage\"},\"image\":{\"@id\":\"https:\\\/\\\/mktandweb.com\\\/producto\\\/marketing-digital-premium\\\/#primaryimage\"},\"thumbnailUrl\":\"https:\\\/\\\/mktandweb.com\\\/wp-content\\\/uploads\\\/2021\\\/01\\\/Campana2.jpg\",\"datePublished\":\"2025-10-18T08:18:45+00:00\",\"dateModified\":\"2025-10-20T07:22:53+00:00\",\"description\":\"MARKETING DIGITAL PREMIUM En un mundo conectado, invertir en marketing digital ya no es una opci\u00f3n, es una necesidad. Implementamos estrategias poderosas\",\"breadcrumb\":{\"@id\":\"https:\\\/\\\/mktandweb.com\\\/producto\\\/marketing-digital-premium\\\/#breadcrumb\"},\"inLanguage\":\"en-US\",\"potentialAction\":[{\"@type\":\"ReadAction\",\"target\":[\"https:\\\/\\\/mktandweb.com\\\/producto\\\/marketing-digital-premium\\\/\"]}]},{\"@type\":\"ImageObject\",\"inLanguage\":\"en-US\",\"@id\":\"https:\\\/\\\/mktandweb.com\\\/producto\\\/marketing-digital-premium\\\/#primaryimage\",\"url\":\"https:\\\/\\\/mktandweb.com\\\/wp-content\\\/uploads\\\/2021\\\/01\\\/Campana2.jpg\",\"contentUrl\":\"https:\\\/\\\/mktandweb.com\\\/wp-content\\\/uploads\\\/2021\\\/01\\\/Campana2.jpg\",\"width\":600,\"height\":600,\"caption\":\"Marketing Digital\"},{\"@type\":\"BreadcrumbList\",\"@id\":\"https:\\\/\\\/mktandweb.com\\\/producto\\\/marketing-digital-premium\\\/#breadcrumb\",\"itemListElement\":[{\"@type\":\"ListItem\",\"position\":1,\"name\":\"Portada\",\"item\":\"https:\\\/\\\/mktandweb.com\\\/\"},{\"@type\":\"ListItem\",\"position\":2,\"name\":\"Tienda\",\"item\":\"https:\\\/\\\/mktandweb.com\\\/tienda\\\/\"},{\"@type\":\"ListItem\",\"position\":3,\"name\":\"MARKETING DIGITAL PREMIUM\"}]},{\"@type\":\"WebSite\",\"@id\":\"https:\\\/\\\/mktandweb.com\\\/#website\",\"url\":\"https:\\\/\\\/mktandweb.com\\\/\",\"name\":\"MKTandWeb\",\"description\":\"MKTandWEB\",\"publisher\":{\"@id\":\"https:\\\/\\\/mktandweb.com\\\/#organization\"},\"potentialAction\":[{\"@type\":\"SearchAction\",\"target\":{\"@type\":\"EntryPoint\",\"urlTemplate\":\"https:\\\/\\\/mktandweb.com\\\/?s={search_term_string}\"},\"query-input\":{\"@type\":\"PropertyValueSpecification\",\"valueRequired\":true,\"valueName\":\"search_term_string\"}}],\"inLanguage\":\"en-US\"},{\"@type\":\"Organization\",\"@id\":\"https:\\\/\\\/mktandweb.com\\\/#organization\",\"name\":\"MKTandWeb\",\"alternateName\":\"M&W\",\"url\":\"https:\\\/\\\/mktandweb.com\\\/\",\"logo\":{\"@type\":\"ImageObject\",\"inLanguage\":\"en-US\",\"@id\":\"https:\\\/\\\/mktandweb.com\\\/#\\\/schema\\\/logo\\\/image\\\/\",\"url\":\"https:\\\/\\\/mktandweb.com\\\/wp-content\\\/uploads\\\/2023\\\/03\\\/cropped-LOGO-MKTandWEB.png\",\"contentUrl\":\"https:\\\/\\\/mktandweb.com\\\/wp-content\\\/uploads\\\/2023\\\/03\\\/cropped-LOGO-MKTandWEB.png\",\"width\":512,\"height\":512,\"caption\":\"MKTandWeb\"},\"image\":{\"@id\":\"https:\\\/\\\/mktandweb.com\\\/#\\\/schema\\\/logo\\\/image\\\/\"}}]}<\/script>\n<!-- \/ Yoast SEO plugin. -->","yoast_head_json":{"title":"MARKETING DIGITAL PREMIUM - M&amp;W","description":"MARKETING DIGITAL PREMIUM En un mundo conectado, invertir en marketing digital ya no es una opci\u00f3n, es una necesidad. Implementamos estrategias poderosas","robots":{"index":"index","follow":"follow","max-snippet":"max-snippet:-1","max-image-preview":"max-image-preview:large","max-video-preview":"max-video-preview:-1"},"canonical":"https:\/\/mktandweb.com\/en\/product\/marketing-digital-premium\/","og_locale":"en_US","og_type":"article","og_title":"MARKETING DIGITAL PREMIUM - M&amp;W","og_description":"MARKETING DIGITAL PREMIUM En un mundo conectado, invertir en marketing digital ya no es una opci\u00f3n, es una necesidad. Implementamos estrategias poderosas","og_url":"https:\/\/mktandweb.com\/en\/product\/marketing-digital-premium\/","og_site_name":"M&amp;W","article_modified_time":"2025-10-20T07:22:53+00:00","og_image":[{"width":600,"height":600,"url":"https:\/\/mktandweb.com\/wp-content\/uploads\/2021\/01\/Campana2.jpg","type":"image\/jpeg"}],"twitter_card":"summary_large_image","twitter_misc":{"Est. reading time":"1 minute"},"schema":{"@context":"https:\/\/schema.org","@graph":[{"@type":"WebPage","@id":"https:\/\/mktandweb.com\/producto\/marketing-digital-premium\/","url":"https:\/\/mktandweb.com\/producto\/marketing-digital-premium\/","name":"MARKETING DIGITAL PREMIUM - M&amp;W","isPartOf":{"@id":"https:\/\/mktandweb.com\/#website"},"primaryImageOfPage":{"@id":"https:\/\/mktandweb.com\/producto\/marketing-digital-premium\/#primaryimage"},"image":{"@id":"https:\/\/mktandweb.com\/producto\/marketing-digital-premium\/#primaryimage"},"thumbnailUrl":"https:\/\/mktandweb.com\/wp-content\/uploads\/2021\/01\/Campana2.jpg","datePublished":"2025-10-18T08:18:45+00:00","dateModified":"2025-10-20T07:22:53+00:00","description":"MARKETING DIGITAL PREMIUM En un mundo conectado, invertir en marketing digital ya no es una opci\u00f3n, es una necesidad. Implementamos estrategias poderosas","breadcrumb":{"@id":"https:\/\/mktandweb.com\/producto\/marketing-digital-premium\/#breadcrumb"},"inLanguage":"en-US","potentialAction":[{"@type":"ReadAction","target":["https:\/\/mktandweb.com\/producto\/marketing-digital-premium\/"]}]},{"@type":"ImageObject","inLanguage":"en-US","@id":"https:\/\/mktandweb.com\/producto\/marketing-digital-premium\/#primaryimage","url":"https:\/\/mktandweb.com\/wp-content\/uploads\/2021\/01\/Campana2.jpg","contentUrl":"https:\/\/mktandweb.com\/wp-content\/uploads\/2021\/01\/Campana2.jpg","width":600,"height":600,"caption":"Marketing Digital"},{"@type":"BreadcrumbList","@id":"https:\/\/mktandweb.com\/producto\/marketing-digital-premium\/#breadcrumb","itemListElement":[{"@type":"ListItem","position":1,"name":"Portada","item":"https:\/\/mktandweb.com\/"},{"@type":"ListItem","position":2,"name":"Tienda","item":"https:\/\/mktandweb.com\/tienda\/"},{"@type":"ListItem","position":3,"name":"MARKETING DIGITAL PREMIUM"}]},{"@type":"WebSite","@id":"https:\/\/mktandweb.com\/#website","url":"https:\/\/mktandweb.com\/","name":"MKTandWeb","description":"MKTandWEB","publisher":{"@id":"https:\/\/mktandweb.com\/#organization"},"potentialAction":[{"@type":"SearchAction","target":{"@type":"EntryPoint","urlTemplate":"https:\/\/mktandweb.com\/?s={search_term_string}"},"query-input":{"@type":"PropertyValueSpecification","valueRequired":true,"valueName":"search_term_string"}}],"inLanguage":"en-US"},{"@type":"Organization","@id":"https:\/\/mktandweb.com\/#organization","name":"MKTandWeb","alternateName":"M&W","url":"https:\/\/mktandweb.com\/","logo":{"@type":"ImageObject","inLanguage":"en-US","@id":"https:\/\/mktandweb.com\/#\/schema\/logo\/image\/","url":"https:\/\/mktandweb.com\/wp-content\/uploads\/2023\/03\/cropped-LOGO-MKTandWEB.png","contentUrl":"https:\/\/mktandweb.com\/wp-content\/uploads\/2023\/03\/cropped-LOGO-MKTandWEB.png","width":512,"height":512,"caption":"MKTandWeb"},"image":{"@id":"https:\/\/mktandweb.com\/#\/schema\/logo\/image\/"}}]}},"_links":{"self":[{"href":"https:\/\/mktandweb.com\/en\/wp-json\/wp\/v2\/product\/1649","targetHints":{"allow":["GET"]}}],"collection":[{"href":"https:\/\/mktandweb.com\/en\/wp-json\/wp\/v2\/product"}],"about":[{"href":"https:\/\/mktandweb.com\/en\/wp-json\/wp\/v2\/types\/product"}],"wp:featuredmedia":[{"embeddable":true,"href":"https:\/\/mktandweb.com\/en\/wp-json\/wp\/v2\/media\/345"}],"wp:attachment":[{"href":"https:\/\/mktandweb.com\/en\/wp-json\/wp\/v2\/media?parent=1649"}],"wp:term":[{"taxonomy":"product_brand","embeddable":true,"href":"https:\/\/mktandweb.com\/en\/wp-json\/wp\/v2\/product_brand?post=1649"},{"taxonomy":"product_cat","embeddable":true,"href":"https:\/\/mktandweb.com\/en\/wp-json\/wp\/v2\/product_cat?post=1649"},{"taxonomy":"product_tag","embeddable":true,"href":"https:\/\/mktandweb.com\/en\/wp-json\/wp\/v2\/product_tag?post=1649"}],"curies":[{"name":"wp","href":"https:\/\/api.w.org\/{rel}","templated":true}]}}